{"id":1657,"date":"2023-03-29T13:55:59","date_gmt":"2023-03-29T13:55:59","guid":{"rendered":"https:\/\/assojenna.com\/?page_id=1657"},"modified":"2023-09-01T08:23:02","modified_gmt":"2023-09-01T08:23:02","slug":"mentions-legales","status":"publish","type":"page","link":"https:\/\/assojenna.com\/index.php\/mentions-legales\/","title":{"rendered":"Mentions l\u00e9gales"},"content":{"rendered":"\t\t<div data-elementor-type=\"wp-page\" data-elementor-id=\"1657\" class=\"elementor elementor-1657\">\n\t\t\t\t<div class=\"elementor-element elementor-element-7e0a97c e-flex e-con-boxed wpr-particle-no wpr-jarallax-no wpr-parallax-no wpr-sticky-section-no wpr-column-slider-no wpr-equal-height-no e-con e-parent\" data-id=\"7e0a97c\" data-element_type=\"container\" data-e-type=\"container\">\n\t\t\t\t\t<div class=\"e-con-inner\">\n\t\t\t\t<div class=\"elementor-element elementor-element-d1f3617 elementor-widget elementor-widget-heading\" data-id=\"d1f3617\" data-element_type=\"widget\" data-e-type=\"widget\" data-widget_type=\"heading.default\">\n\t\t\t\t<div class=\"elementor-widget-container\">\n\t\t\t\t\t<h2 class=\"elementor-heading-title elementor-size-default\">Mentions l\u00e9gales<\/h2>\t\t\t\t<\/div>\n\t\t\t\t<\/div>\n\t\t\t\t<div class=\"elementor-element elementor-element-2955306 elementor-widget elementor-widget-text-editor\" data-id=\"2955306\" data-element_type=\"widget\" data-e-type=\"widget\" data-widget_type=\"text-editor.default\">\n\t\t\t\t<div class=\"elementor-widget-container\">\n\t\t\t\t\t\t\t\t\t<p><strong>1. Identit\u00e9 du site<\/strong><\/p><p>Le pr\u00e9sent site est la propri\u00e9t\u00e9 de :\u00a0<\/p><p>JENNA<\/p><p>Si\u00e8ge social : 13 SEN DE LA PLANCHETTE 93380 PIERREFITTE-SUR-SEINE<\/p><p>T\u00e9l\u00e9phone : 09.77.79.14.75<\/p><p>Email : <a href=\"mailto:assocjenna@gmail.com\">assocjenna@gmail.com<\/a><\/p><p><strong>2. Directeur de la publication<\/strong><\/p><p>Le directeur de la publication est :\u00a0<\/p><p>Madame ZELMAT Nadia<\/p><p><strong>3. H\u00e9bergement<\/strong><\/p><p>Le site est h\u00e9berg\u00e9 par :<\/p><p>Hostinger<\/p><p>61 Lordou Vironos Street, 6023 Larnaca, Chypre<\/p><p>T\u00e9l\u00e9phone : 08 92 97 70 93<\/p><p>Email : domains@hostinger.com<\/p><p><strong>4. Droits d&rsquo;auteur<\/strong><\/p><p>L&rsquo;ensemble des \u00e9l\u00e9ments contenus sur le site, incluant notamment les textes, images, vid\u00e9os, logos, graphismes, est prot\u00e9g\u00e9 par la l\u00e9gislation en vigueur sur le droit d&rsquo;auteur.<\/p><p>Toute reproduction, repr\u00e9sentation, modification, publication, transmission, d\u00e9naturation, totale ou partielle du site ou de son contenu, par quelque proc\u00e9d\u00e9 que ce soit, sans l&rsquo;autorisation expresse et pr\u00e9alable de l&rsquo;association est interdite.<\/p><p>L&rsquo;association est seule titulaire des droits de propri\u00e9t\u00e9 intellectuelle sur le site et ses contenus.<\/p><p><strong>5. Liens hypertextes<\/strong><\/p><p>Le site peut contenir des liens hypertextes vers d&rsquo;autres sites internet. L&rsquo;association n&rsquo;exerce aucun contr\u00f4le sur ces sites et n&rsquo;est pas responsable de leur contenu.<\/p><p><strong>6. Donn\u00e9es personnelles<\/strong><\/p><p>L&rsquo;association est susceptible de collecter des donn\u00e9es personnelles sur ses utilisateurs, notamment via le formulaire de contact. Ces donn\u00e9es sont trait\u00e9es conform\u00e9ment \u00e0 la loi Informatique et Libert\u00e9s du 6 janvier 1978.<\/p><p>L&rsquo;utilisateur dispose d&rsquo;un droit d&rsquo;acc\u00e8s, de rectification, d&rsquo;opposition et de suppression des donn\u00e9es le concernant. Il peut exercer ce droit en envoyant un courrier \u00e0 l&rsquo;adresse postale de l&rsquo;association ou un email \u00e0 l&rsquo;adresse \u00e9lectronique de l&rsquo;association.<\/p><p><strong>7. Cookies<\/strong><\/p><p>Le site utilise des cookies. Ces cookies sont utilis\u00e9s pour am\u00e9liorer l&rsquo;exp\u00e9rience utilisateur et la performance du site.<\/p><p>L&rsquo;utilisateur dispose d&rsquo;un droit d&rsquo;opposition \u00e0 l&rsquo;utilisation des cookies. Il peut exercer ce droit en envoyant un courrier \u00e0 l&rsquo;adresse postale de l&rsquo;association ou un email \u00e0 l&rsquo;adresse \u00e9lectronique de l&rsquo;association.<\/p><p><strong>8. Droit applicable et juridiction comp\u00e9tente<\/strong><\/p><p>Les pr\u00e9sentes mentions l\u00e9gales sont r\u00e9gies par la loi fran\u00e7aise. Tout litige relatif \u00e0 l&rsquo;utilisation du site sera soumis \u00e0 la comp\u00e9tence des juridictions fran\u00e7aises.<\/p><p><strong>9. Mise \u00e0 jour<\/strong><\/p><p>Les pr\u00e9sentes mentions l\u00e9gales peuvent \u00eatre modifi\u00e9es \u00e0 tout moment. L&rsquo;association s&rsquo;engage \u00e0 informer les utilisateurs de toute modification par voie d&rsquo;affichage sur le site.<\/p>\t\t\t\t\t\t\t\t<\/div>\n\t\t\t\t<\/div>\n\t\t\t\t\t<\/div>\n\t\t\t\t<\/div>\n\t\t\t\t<\/div>\n\t\t","protected":false},"excerpt":{"rendered":"<p>Mentions l\u00e9gales 1. Identit\u00e9 du site Le pr\u00e9sent site est la propri\u00e9t\u00e9 de :\u00a0 JENNA Si\u00e8ge social : 13 SEN DE LA PLANCHETTE 93380 PIERREFITTE-SUR-SEINE T\u00e9l\u00e9phone : 09.77.79.14.75 Email : assocjenna@gmail.com 2. Directeur de la publication Le directeur de la publication est :\u00a0 Madame ZELMAT Nadia 3. H\u00e9bergement Le site est h\u00e9berg\u00e9 par : Hostinger 61 Lordou Vironos Street, 6023 Larnaca, Chypre T\u00e9l\u00e9phone : 08 92 97 70 93 Email : domains@hostinger.com 4. Droits d&rsquo;auteur L&rsquo;ensemble des \u00e9l\u00e9ments contenus sur le site, incluant notamment les textes, images, vid\u00e9os, logos, graphismes, est prot\u00e9g\u00e9 par la l\u00e9gislation en vigueur sur le droit d&rsquo;auteur. Toute reproduction, repr\u00e9sentation, modification, publication, transmission, d\u00e9naturation, totale ou partielle du site ou de son contenu, par quelque proc\u00e9d\u00e9 que ce soit, sans l&rsquo;autorisation expresse et pr\u00e9alable de l&rsquo;association est interdite. L&rsquo;association est seule titulaire des droits de propri\u00e9t\u00e9 intellectuelle sur le site et ses contenus. 5. Liens hypertextes Le site peut contenir des liens hypertextes vers d&rsquo;autres sites internet. L&rsquo;association n&rsquo;exerce aucun contr\u00f4le sur ces sites et n&rsquo;est pas responsable de leur contenu. 6. Donn\u00e9es personnelles L&rsquo;association est susceptible de collecter des donn\u00e9es personnelles sur ses utilisateurs, notamment via le formulaire de contact. Ces donn\u00e9es sont trait\u00e9es conform\u00e9ment \u00e0 la loi Informatique et Libert\u00e9s du 6 janvier 1978. L&rsquo;utilisateur dispose d&rsquo;un droit d&rsquo;acc\u00e8s, de rectification, d&rsquo;opposition et de suppression des donn\u00e9es le concernant. Il peut exercer ce droit en envoyant un courrier \u00e0 l&rsquo;adresse postale de l&rsquo;association ou un email \u00e0 l&rsquo;adresse \u00e9lectronique de l&rsquo;association. 7. Cookies Le site utilise des cookies. Ces cookies sont utilis\u00e9s pour am\u00e9liorer l&rsquo;exp\u00e9rience utilisateur et la performance du site. L&rsquo;utilisateur dispose d&rsquo;un droit d&rsquo;opposition \u00e0 l&rsquo;utilisation des cookies. Il peut exercer ce droit en envoyant un courrier \u00e0 l&rsquo;adresse postale de l&rsquo;association ou un email \u00e0 l&rsquo;adresse \u00e9lectronique de l&rsquo;association. 8. Droit applicable et juridiction comp\u00e9tente Les pr\u00e9sentes mentions l\u00e9gales sont r\u00e9gies par la loi fran\u00e7aise. Tout litige relatif \u00e0 l&rsquo;utilisation du site sera soumis \u00e0 la comp\u00e9tence des juridictions fran\u00e7aises. 9. Mise \u00e0 jour Les pr\u00e9sentes mentions l\u00e9gales peuvent \u00eatre modifi\u00e9es \u00e0 tout moment. L&rsquo;association s&rsquo;engage \u00e0 informer les utilisateurs de toute modification par voie d&rsquo;affichage sur le site.<\/p>\n","protected":false},"author":1,"featured_media":0,"parent":0,"menu_order":0,"comment_status":"closed","ping_status":"closed","template":"elementor_header_footer","meta":{"footnotes":""},"class_list":["post-1657","page","type-page","status-publish","hentry"],"blocksy_meta":[],"_links":{"self":[{"href":"https:\/\/assojenna.com\/index.php\/wp-json\/wp\/v2\/pages\/1657","targetHints":{"allow":["GET"]}}],"collection":[{"href":"https:\/\/assojenna.com\/index.php\/wp-json\/wp\/v2\/pages"}],"about":[{"href":"https:\/\/assojenna.com\/index.php\/wp-json\/wp\/v2\/types\/page"}],"author":[{"embeddable":true,"href":"https:\/\/assojenna.com\/index.php\/wp-json\/wp\/v2\/users\/1"}],"replies":[{"embeddable":true,"href":"https:\/\/assojenna.com\/index.php\/wp-json\/wp\/v2\/comments?post=1657"}],"version-history":[{"count":5,"href":"https:\/\/assojenna.com\/index.php\/wp-json\/wp\/v2\/pages\/1657\/revisions"}],"predecessor-version":[{"id":2772,"href":"https:\/\/assojenna.com\/index.php\/wp-json\/wp\/v2\/pages\/1657\/revisions\/2772"}],"wp:attachment":[{"href":"https:\/\/assojenna.com\/index.php\/wp-json\/wp\/v2\/media?parent=1657"}],"curies":[{"name":"wp","href":"https:\/\/api.w.org\/{rel}","templated":true}]}}